{"id":3,"date":"2025-02-12T21:50:01","date_gmt":"2025-02-12T20:50:01","guid":{"rendered":"http:\/\/incom03.com\/integracelp\/?page_id=3"},"modified":"2025-08-05T21:39:38","modified_gmt":"2025-08-05T19:39:38","slug":"politica-privacidad","status":"publish","type":"page","link":"https:\/\/www.integrace.mx\/logistics\/politica-privacidad\/","title":{"rendered":"Pol\u00edtica de privacidad"},"content":{"rendered":"<ol>\n<li style=\"font-weight: 400;\" aria-level=\"1\"><b>Las finalidades del tratamiento de los datos personales<\/b>\n<ol>\n<li style=\"font-weight: 400;\" aria-level=\"2\"><span style=\"font-weight: 400;\">Los datos personales solicitados son, entre otros, los que a continuaci\u00f3n se indican:<\/span>\n<ol>\n<li style=\"font-weight: 400;\" aria-level=\"3\"><span style=\"font-weight: 400;\">Nombre de empresa<\/span><\/li>\n<li style=\"font-weight: 400;\" aria-level=\"3\"><span style=\"font-weight: 400;\">Nombre Completo<\/span><\/li>\n<li style=\"font-weight: 400;\" aria-level=\"3\"><span style=\"font-weight: 400;\">Correo electr\u00f3nico<\/span><\/li>\n<li style=\"font-weight: 400;\" aria-level=\"3\"><span style=\"font-weight: 400;\">RFC<\/span><\/li>\n<li style=\"font-weight: 400;\" aria-level=\"3\"><span style=\"font-weight: 400;\">N\u00famero telef\u00f3nico fijo y\/o celular<\/span><\/li>\n<li style=\"font-weight: 400;\" aria-level=\"3\"><span style=\"font-weight: 400;\">Direcci\u00f3n<\/span><\/li>\n<\/ol>\n<\/li>\n<\/ol>\n<\/li>\n<li style=\"font-weight: 400;\" aria-level=\"1\"><b>Fines con los que utilizaremos sus datos personales:<\/b>\n<ol>\n<li style=\"font-weight: 400;\" aria-level=\"2\"><span style=\"font-weight: 400;\">La informaci\u00f3n antes mencionada ser\u00e1 utilizada para las siguientes finalidades:<\/span>\n<ol>\n<li style=\"font-weight: 400;\" aria-level=\"3\"><span style=\"font-weight: 400;\">Proveer los servicios y productos que ha solicitado;<\/span><\/li>\n<li style=\"font-weight: 400;\" aria-level=\"3\"><span style=\"font-weight: 400;\">Informarle sobre cambios en los mismos;<\/span><\/li>\n<li style=\"font-weight: 400;\" aria-level=\"3\"><span style=\"font-weight: 400;\">Evaluar la calidad del servicio que le brindamos;<\/span><\/li>\n<li style=\"font-weight: 400;\" aria-level=\"3\"><span style=\"font-weight: 400;\">Dar cumplimiento a las obligaciones contra\u00eddas con nuestros clientes;<\/span><\/li>\n<li style=\"font-weight: 400;\" aria-level=\"3\"><span style=\"font-weight: 400;\">Dar cumplimiento a obligaciones regulatorias emitidas por parte de autoridades competentes, as\u00ed como atender sus requerimientos;<\/span><\/li>\n<li style=\"font-weight: 400;\" aria-level=\"3\"><span style=\"font-weight: 400;\">Campa\u00f1as de Publicidad;<\/span><\/li>\n<li style=\"font-weight: 400;\" aria-level=\"3\"><span style=\"font-weight: 400;\">Campa\u00f1as de Fidelidad;<\/span><\/li>\n<li style=\"font-weight: 400;\" aria-level=\"3\"><span style=\"font-weight: 400;\">Actualizaci\u00f3n de la Base de Datos;<\/span><\/li>\n<li style=\"font-weight: 400;\" aria-level=\"3\"><span style=\"font-weight: 400;\">Cualquier finalidad an\u00e1loga o compatible con las anteriores.<\/span><\/li>\n<li style=\"font-weight: 400;\" aria-level=\"3\"><span style=\"font-weight: 400;\">No obstante, La Empresa podr\u00e1 revelar sus datos personales, para cumplir con las disposiciones referidas en el p\u00e1rrafo anterior y a efecto de cumplir requerimientos por parte de autoridades judiciales y administrativas.<\/span><\/li>\n<\/ol>\n<\/li>\n<\/ol>\n<\/li>\n<li style=\"font-weight: 400;\" aria-level=\"1\"><b>Opciones y medios que el responsable ofrece a los titulares para limitar el uso o divulgaci\u00f3n de los datos personales.<\/b>\n<ol>\n<li style=\"font-weight: 400;\" aria-level=\"2\"><span style=\"font-weight: 400;\">Para limitar el uso o divulgaci\u00f3n de sus datos personales, ya sea para dejar de recibir mensajes promocionales por tel\u00e9fono, por correo postal o electr\u00f3nico, La Empresa ofrece al titular de los datos personales, el siguiente procedimiento:<\/span>\n<ol>\n<li style=\"font-weight: 400;\" aria-level=\"3\"><span style=\"font-weight: 400;\">Enviar un correo electr\u00f3nico al <\/span><b>correo de contacto<\/b><span style=\"font-weight: 400;\"> descrito al inicio de este aviso solicitando cancelar el env\u00edo de mensajes promocionales o la limitaci\u00f3n del uso o divulgaci\u00f3n de que se trate.<\/span><\/li>\n<li style=\"font-weight: 400;\" aria-level=\"3\"><span style=\"font-weight: 400;\">Acreditar la personalidad como titular o cotitular del contrato que haya celebrado con La Empresa.<\/span><\/li>\n<li style=\"font-weight: 400;\" aria-level=\"3\"><span style=\"font-weight: 400;\">Describir en el correo el acto o el mensaje promocional que no requiere recibir.<\/span><\/li>\n<\/ol>\n<\/li>\n<\/ol>\n<\/li>\n<li style=\"font-weight: 400;\" aria-level=\"1\"><b>Medios para ejercer los derechos de acceso, rectificaci\u00f3n, cancelaci\u00f3n u oposici\u00f3n.<\/b>\n<ol>\n<li style=\"font-weight: 400;\" aria-level=\"2\"><span style=\"font-weight: 400;\">De conformidad con la Ley Federal de Protecci\u00f3n de Datos Personales en Posesi\u00f3n de Particulares, en lo sucesivo \u201cLey de Datos\u201d, el titular de los datos personales tiene el derecho de acceder a los datos que poseemos y a los detalles del tratamiento de los mismos, as\u00ed como a rectificarlos en caso de ser inexactos o incompletos; cancelarlos cuando resulten ser excesivos o innecesarios para las finalidades que justificaron su obtenci\u00f3n u oponerse al tratamiento de los mismos para fines espec\u00edficos.<\/span><\/li>\n<li style=\"font-weight: 400;\" aria-level=\"2\"><span style=\"font-weight: 400;\">La Empresa, bajo los supuestos establecidos en el art\u00edculo 34 de la Ley de Datos, podr\u00e1 negar el acceso a los datos personales, o a realizar la rectificaci\u00f3n o cancelaci\u00f3n o conceder la oposici\u00f3n al tratamiento de los mismos.<\/span><\/li>\n<li style=\"font-weight: 400;\" aria-level=\"2\"><span style=\"font-weight: 400;\">Asimismo, la Empresa, bajo los supuestos establecidos en el art\u00edculo 26 de la Ley de Datos, no estar\u00e1 obligada a cancelar sus datos personales.<\/span><\/li>\n<li style=\"font-weight: 400;\" aria-level=\"2\"><span style=\"font-weight: 400;\">Para mayor informaci\u00f3n, favor de comunicarse con el encargado del tratamiento de los datos personales al tel\u00e9fono de contacto.<\/span><\/li>\n<\/ol>\n<\/li>\n<li style=\"font-weight: 400;\" aria-level=\"1\"><b>Transferencias de datos personales que se efect\u00faen.<\/b>\n<ol>\n<li style=\"font-weight: 400;\" aria-level=\"2\"><span style=\"font-weight: 400;\">Sus datos personales pueden ser transferidos y tratados dentro y fuera del pa\u00eds, por personas distintas a esta empresa pero que pertenecen al mismo grupo al que pertenece La Empresa. En ese sentido, de conformidad al art\u00edculo 37 de la Ley Federal de Protecci\u00f3n de Datos Personales en Posesi\u00f3n de los Particulares, su informaci\u00f3n puede ser compartida con entidades que pertenecen al mismo grupo al que pertenece La Empresa a efecto de proveer servicios requeridos y dar cumplimiento a lo requerido por el cliente.<\/span><\/li>\n<li style=\"font-weight: 400;\" aria-level=\"2\"><span style=\"font-weight: 400;\">Salvo excepciones previstas en el art\u00edculo 37 de la Ley de Datos, nos comprometemos a no transferir su informaci\u00f3n personal a terceros sin su consentimiento as\u00ed como a realizar esta transferencia en los t\u00e9rminos que fija esa ley.<\/span><\/li>\n<\/ol>\n<\/li>\n<li style=\"font-weight: 400;\" aria-level=\"1\"><b>Procedimiento y medio por el cual el responsable comunicar\u00e1 a los titulares los cambios al aviso de privacidad.<\/b>\n<ol>\n<li style=\"font-weight: 400;\" aria-level=\"2\"><span style=\"font-weight: 400;\">La Empresa se reserva el derecho de efectuar en cualquier momento modificaciones o actualizaciones al presente aviso de privacidad, para la atenci\u00f3n de reformas legislativas o jurisprudenciales, pol\u00edticas internas, nuevos requerimientos para la prestaci\u00f3n u ofrecimiento de nuestros servicios o productos y pr\u00e1cticas del mercado.<\/span><\/li>\n<li style=\"font-weight: 400;\" aria-level=\"2\"><span style=\"font-weight: 400;\">Estas modificaciones estar\u00e1n disponibles al p\u00fablico a trav\u00e9s de nuestra p\u00e1gina de Internet\u00a0 o en su caso se enviar\u00e1n al \u00faltimo correo electr\u00f3nico que nos haya proporcionado.<\/span><\/li>\n<\/ol>\n<\/li>\n<li style=\"font-weight: 400;\" aria-level=\"1\"><b>Mecanismos y procedimientos para que el titular, en su caso, revoque su consentimiento en cualquier momento.<\/b>\n<ol>\n<li style=\"font-weight: 400;\" aria-level=\"2\"><span style=\"font-weight: 400;\">El titular de los datos personales puede en cualquier momento revocar el consentimiento que ha otorgado para el tratamiento de sus datos, para ello es necesario que siga el siguiente procedimiento:<\/span><\/li>\n<li style=\"font-weight: 400;\" aria-level=\"2\"><span style=\"font-weight: 400;\">Enviar una solicitud por escrito debidamente firmada por el titular de los datos, dirigida al responsable del tratamiento de los datos, a efecto de iniciar el procedimiento respectivo.<\/span><\/li>\n<li style=\"font-weight: 400;\" aria-level=\"2\"><span style=\"font-weight: 400;\">La Empresa, bajo los supuestos establecidos en el art\u00edculo 34 de la Ley Federal de Protecci\u00f3n de Datos Personales de los Particulares, podr\u00e1 negar el acceso a los datos personales o a conceder la oposici\u00f3n al tratamiento de los mismos.<\/span><\/li>\n<\/ol>\n<\/li>\n<li style=\"font-weight: 400;\" aria-level=\"1\"><b>Medidas de seguridad implementadas, con excepci\u00f3n de la informaci\u00f3n que pudiera comprometer la seguridad de las bases de datos.<\/b>\n<ol>\n<li style=\"font-weight: 400;\" aria-level=\"2\"><span style=\"font-weight: 400;\">Para la protecci\u00f3n de los datos personales con los que trata La Empresa, hemos instrumentado medidas de seguridad que garanticen la Confidencialidad, Integridad y Disponibilidad de la Informaci\u00f3n, con el objeto de evitar p\u00e9rdidas, mal uso o alteraci\u00f3n de la misma.<\/span><\/li>\n<li style=\"font-weight: 400;\" aria-level=\"2\"><span style=\"font-weight: 400;\">Cuando comunicamos o compartimos su informaci\u00f3n con terceros que nos prestan alg\u00fan servicio, requerimos y verificamos que cuenten con las medidas de seguridad necesarias para proteger sus datos personales, prohibiendo el uso de su informaci\u00f3n personal para fines distintos a los establecidos.<\/span><\/li>\n<li style=\"font-weight: 400;\" aria-level=\"2\"><span style=\"font-weight: 400;\">Consiento que mis datos personales sensibles sean tratados conforme a los t\u00e9rminos y condiciones del presente aviso de privacidad.<\/span><\/li>\n<\/ol>\n<\/li>\n<\/ol>\n","protected":false},"excerpt":{"rendered":"<p>Las finalidades del tratamiento de los datos personales Los datos personales solicitados son, entre otros, los que a continuaci\u00f3n se indican: Nombre de empresa Nombre Completo Correo electr\u00f3nico RFC N\u00famero telef\u00f3nico fijo y\/o celular Direcci\u00f3n Fines con los que utilizaremos sus datos personales: La informaci\u00f3n antes mencionada ser\u00e1 utilizada para las siguientes finalidades: Proveer los&hellip;<\/p>\n","protected":false},"author":1,"featured_media":0,"parent":0,"menu_order":0,"comment_status":"closed","ping_status":"open","template":"","meta":{"footnotes":""},"class_list":["post-3","page","type-page","status-publish","hentry","description-off"],"_links":{"self":[{"href":"https:\/\/www.integrace.mx\/logistics\/wp-json\/wp\/v2\/pages\/3","targetHints":{"allow":["GET"]}}],"collection":[{"href":"https:\/\/www.integrace.mx\/logistics\/wp-json\/wp\/v2\/pages"}],"about":[{"href":"https:\/\/www.integrace.mx\/logistics\/wp-json\/wp\/v2\/types\/page"}],"author":[{"embeddable":true,"href":"https:\/\/www.integrace.mx\/logistics\/wp-json\/wp\/v2\/users\/1"}],"replies":[{"embeddable":true,"href":"https:\/\/www.integrace.mx\/logistics\/wp-json\/wp\/v2\/comments?post=3"}],"version-history":[{"count":2,"href":"https:\/\/www.integrace.mx\/logistics\/wp-json\/wp\/v2\/pages\/3\/revisions"}],"predecessor-version":[{"id":246,"href":"https:\/\/www.integrace.mx\/logistics\/wp-json\/wp\/v2\/pages\/3\/revisions\/246"}],"wp:attachment":[{"href":"https:\/\/www.integrace.mx\/logistics\/wp-json\/wp\/v2\/media?parent=3"}],"curies":[{"name":"wp","href":"https:\/\/api.w.org\/{rel}","templated":true}]}}